{"id":15350,"date":"2022-03-14T10:53:02","date_gmt":"2022-03-14T10:53:02","guid":{"rendered":"https:\/\/bondcane.co.uk\/rueckerstattungs-und-rueckgaberecht\/"},"modified":"2023-04-30T18:47:20","modified_gmt":"2023-04-30T18:47:20","slug":"rueckerstattungs-und-rueckgaberecht","status":"publish","type":"page","link":"https:\/\/bondcane.co.uk\/de\/rueckerstattungs-und-rueckgaberecht\/","title":{"rendered":"R\u00fcckerstattungs- und R\u00fcckgaberecht"},"content":{"rendered":"\t\t<div data-elementor-type=\"wp-page\" data-elementor-id=\"15350\" class=\"elementor elementor-15350 elementor-10955\">\n\t\t\t\t\t\t<section class=\"wolf-core-elementor-row wolf-core-font-  elementor-section elementor-top-section elementor-element elementor-element-2197d29d elementor-section-boxed elementor-section-height-default elementor-section-height-default\" data-font-skin=\"\" data-color-tone=\"\" data-id=\"2197d29d\" data-element_type=\"section\" data-e-type=\"section\">\n\t\t\t\t\t\t<div class=\"elementor-container elementor-column-gap-default\">\n\t\t\t\t\t<div class=\"elementor-column elementor-col-100 elementor-top-column elementor-element elementor-element-699ba41d\" data-id=\"699ba41d\" data-element_type=\"column\" data-e-type=\"column\">\n\t\t\t<div class=\"elementor-widget-wrap elementor-element-populated\">\n\t\t\t\t\t\t<div class=\" elementor-element elementor-element-23a231b4 elementor-widget elementor-widget-text-editor\" data-id=\"23a231b4\" data-element_type=\"widget\" data-e-type=\"widget\" data-widget_type=\"text-editor.default\">\n\t\t\t\t<div class=\"elementor-widget-container\">\n\t\t\t\t\t\t\t\t\t<p>Sobald Ihre R\u00fccksendung eingegangen und gepr\u00fcft ist, senden wir Ihnen eine E-Mail, um Sie dar\u00fcber zu informieren, dass wir Ihre R\u00fccksendung erhalten haben. Wir werden Sie auch \u00fcber die Genehmigung oder Ablehnung Ihrer R\u00fcckerstattung informieren. Wenn Sie genehmigt werden, wird Ihre R\u00fcckerstattung bearbeitet und innerhalb einer bestimmten Anzahl von Tagen wird automatisch eine Gutschrift auf Ihre Kreditkarte oder Ihre urspr\u00fcngliche Zahlungsmethode angewendet. Versp\u00e4tete oder fehlende R\u00fcckerstattungen Wenn Sie noch keine R\u00fcckerstattung erhalten haben, \u00fcberpr\u00fcfen Sie zun\u00e4chst erneut Ihr Bankkonto. Wenden Sie sich dann an Ihr Kreditkartenunternehmen. Es kann einige Zeit dauern, bis Ihre R\u00fcckerstattung offiziell gebucht wird. Wenden Sie sich als n\u00e4chstes an Ihre Bank. Es gibt oft eine gewisse Bearbeitungszeit, bevor eine R\u00fcckerstattung gebucht wird. Wenn Sie all dies getan haben und Ihre R\u00fcckerstattung noch nicht erhalten haben, kontaktieren Sie uns bitte unter <a href=\"mailto:info@bondcane.com\">info@bondcane.com<\/a><\/p>\n\t\t\t\t\t\t\t\t<\/div>\n\t\t\t\t<\/div>\n\t\t\t\t\t<\/div>\n\t\t<\/div>\n\t\t\t\t\t<\/div>\n\t\t<\/section>\n\t\t\t\t<\/div>\n\t\t","protected":false},"excerpt":{"rendered":"<p>Sobald Ihre R\u00fccksendung eingegangen und gepr\u00fcft ist, senden wir Ihnen eine E-Mail, um Sie dar\u00fcber zu informieren, dass wir Ihre R\u00fccksendung erhalten haben. Wir werden Sie auch \u00fcber die Genehmigung oder Ablehnung Ihrer R\u00fcckerstattung informieren. Wenn Sie genehmigt werden, wird Ihre R\u00fcckerstattung bearbeitet und innerhalb einer bestimmten Anzahl von Tagen wird automatisch eine Gutschrift auf&#8230;<\/p>\n<p><a rel=\"bookmark\" class=\"theme-button-text wolf-core-button wolf-core-button-size-sm\" href=\"https:\/\/bondcane.co.uk\/de\/rueckerstattungs-und-rueckgaberecht\/\"><span>Continue reading<\/span><svg version=\"1.1\" xmlns=\"http:\/\/www.w3.org\/2000\/svg\" xmlns:xlink=\"http:\/\/www.w3.org\/1999\/xlink\" x=\"0px\" y=\"0px\" viewBox=\"0 0 56 60\" style=\"enable-background:new 0 0 56 60;\" xml:space=\"preserve\">\n\t\t\t<path d=\"M0.7,45.5c5.2,8.4,14.5,13.9,25,13.9c16.3,0,29.5-13.2,29.5-29.5S42.1,0.5,25.8,0.5C15.3,0.5,6.1,6,0.9,14.3\"><\/path>\n\t\t\t<path class=\"round\" d=\"M0.7,45.5c5.2,8.4,14.5,13.9,25,13.9c16.3,0,29.5-13.2,29.5-29.5S42.1,0.5,25.8,0.5C15.3,0.5,6.1,6,0.9,14.3\"><\/path>\n\t\t\t<polyline points=\"24.5,24.6 30,30 24.5,35.4 \"><\/polyline>\n\t\t\t<\/svg><\/a><\/p>\n","protected":false},"author":1,"featured_media":0,"parent":0,"menu_order":0,"comment_status":"closed","ping_status":"closed","template":"","meta":{"footnotes":""},"class_list":{"0":"post-15350","1":"page","2":"type-page","3":"status-publish","4":"hentry","5":"entry","6":"clearfix","7":"entry-grid","8":"entry-columns-default","9":"entry-page-module-layout-standard","10":"no-post-thumbnail","11":"entry-page","13":"entry-page-grid"},"_links":{"self":[{"href":"https:\/\/bondcane.co.uk\/de\/wp-json\/wp\/v2\/pages\/15350","targetHints":{"allow":["GET"]}}],"collection":[{"href":"https:\/\/bondcane.co.uk\/de\/wp-json\/wp\/v2\/pages"}],"about":[{"href":"https:\/\/bondcane.co.uk\/de\/wp-json\/wp\/v2\/types\/page"}],"author":[{"embeddable":true,"href":"https:\/\/bondcane.co.uk\/de\/wp-json\/wp\/v2\/users\/1"}],"replies":[{"embeddable":true,"href":"https:\/\/bondcane.co.uk\/de\/wp-json\/wp\/v2\/comments?post=15350"}],"version-history":[{"count":0,"href":"https:\/\/bondcane.co.uk\/de\/wp-json\/wp\/v2\/pages\/15350\/revisions"}],"wp:attachment":[{"href":"https:\/\/bondcane.co.uk\/de\/wp-json\/wp\/v2\/media?parent=15350"}],"curies":[{"name":"wp","href":"https:\/\/api.w.org\/{rel}","templated":true}]}}