{"id":15431,"date":"2022-03-30T11:22:56","date_gmt":"2022-03-30T11:22:56","guid":{"rendered":"https:\/\/bondcane.co.uk\/versand-ruecksendungen\/"},"modified":"2023-04-30T20:15:06","modified_gmt":"2023-04-30T20:15:06","slug":"versand-ruecksendungen","status":"publish","type":"page","link":"https:\/\/bondcane.co.uk\/de\/versand-ruecksendungen\/","title":{"rendered":"Versand &amp; R\u00fccksendungen"},"content":{"rendered":"\t\t<div data-elementor-type=\"wp-page\" data-elementor-id=\"15431\" class=\"elementor elementor-15431 elementor-9492\">\n\t\t\t\t\t\t<section class=\"wolf-core-elementor-row wolf-core-font-  elementor-section elementor-top-section elementor-element elementor-element-d94b8fd elementor-section-boxed elementor-section-height-default elementor-section-height-default\" data-font-skin=\"\" data-color-tone=\"\" data-id=\"d94b8fd\" data-element_type=\"section\" data-e-type=\"section\">\n\t\t\t\t\t\t<div class=\"elementor-container elementor-column-gap-default\">\n\t\t\t\t\t<div class=\"elementor-column elementor-col-100 elementor-top-column elementor-element elementor-element-eec3201\" data-id=\"eec3201\" data-element_type=\"column\" data-e-type=\"column\">\n\t\t\t<div class=\"elementor-widget-wrap elementor-element-populated\">\n\t\t\t\t\t\t<div class=\" elementor-element elementor-element-8601b36 elementor-widget elementor-widget-text-editor\" data-id=\"8601b36\" data-element_type=\"widget\" data-e-type=\"widget\" data-widget_type=\"text-editor.default\">\n\t\t\t\t<div class=\"elementor-widget-container\">\n\t\t\t\t\t\t\t\t\t<h2>Versand<\/h2>\n<p>Alle Produkte werden weltweit versendet. The fulfillment location (UK or Turkey warehouse) is set based on the shipping destination, routing preferences, and the stock availability of our manufacturer. Sobald Sie Ihre Bestellung aufgegeben haben, werden Sie per E-Mail benachrichtigt und k\u00f6nnen den Vorgang auf der verfolgen<a href=\"https:\/\/bondcane.co.uk\/de\/sendungsverfolgung\/\">Sendungsverfolgung<\/a> Buchseite.<\/p>\n<h2>Lieferung<\/h2>\n<p>Es dauert 2-7 Tage, um eine Bestellung auszuf\u00fchren, danach wird sie versandt. Die Lieferzeit h\u00e4ngt von Ihrem Standort ab, kann aber wie folgt gesch\u00e4tzt werden:<\/p>\n<ul>\n<li>USA: 5-8 Werktage<\/li>\n<li>EU: 3-8 Werktage<\/li>\n<li>International: 7-20 Werktage<\/li>\n<\/ul>\n<div><\/div>\n<p><strong>R\u00dcCKNAHMEGARANTIE<\/strong> Zuletzt aktualisiert am 14. April 2023<\/p>\n<p>Danke f\u00fcr Ihren Einkauf. Wir hoffen, dass Sie mit Ihrem Kauf zufrieden sind. Wenn Sie jedoch aus irgendeinem Grund mit Ihrem Kauf nicht vollst\u00e4ndig zufrieden sind, k\u00f6nnen Sie ihn nur gegen eine vollst\u00e4ndige R\u00fcckerstattung an uns zur\u00fccksenden. Weitere Informationen zu unseren R\u00fcckgaberichtlinien finden Sie unten.<\/p>\n<p><strong>KEHRT ZUR\u00dcCK<\/strong><\/p>\n<p>Alle R\u00fccksendungen m\u00fcssen innerhalb von f\u00fcnfundvierzig (45) Tagen nach dem Kaufdatum abgestempelt werden. Alle zur\u00fcckgegebenen Artikel m\u00fcssen in neuem und unbenutztem Zustand sein und alle Originaletiketten und -etiketten m\u00fcssen angebracht sein.<\/p>\n<p><strong>R\u00dcCKGABEVERFAHREN<\/strong><\/p>\n<p>Um einen Artikel zur\u00fcckzusenden, senden Sie bitte eine E-Mail an den Kundendienst unter info@bondcane.co.uk, um eine RMA-Nummer (Return Merchandise Authorization) zu erhalten. Nachdem Sie eine RMA-Nummer erhalten haben,&nbsp;legen Sie den Artikel sicher in die Originalverpackung und senden Sie Ihre R\u00fccksendung an die folgende Adresse:<\/p>\n<p>Bondcane London<\/p>\n<p>Bondcane London Ltd. 71-75 Shelton Street Covent Garden London Vereinigtes K\u00f6nigreich WC2H 9JQ<\/p>\n<p>London, London WC2H 9JQ<\/p>\n<p>Gro\u00dfbritannien<\/p>\n<p>Bitte beachten Sie, dass Sie f\u00fcr alle R\u00fccksendekosten verantwortlich sind. Wir empfehlen dringend, dass Sie eine nachverfolgbare Methode verwenden, um Ihre R\u00fccksendung zu versenden.&nbsp;<\/p>\n<p><strong>R\u00dcCKERSTATTUNGEN<\/strong><\/p>\n<p>Nachdem wir Ihre R\u00fccksendung erhalten und den Zustand Ihres Artikels \u00fcberpr\u00fcft haben, werden wir Ihre R\u00fccksendung bearbeiten. Bitte erlauben Sie mindestens zehn (10) Tage nach Erhalt Ihres Artikels, um Ihre R\u00fccksendung zu bearbeiten.&nbsp;Erstattungen k\u00f6nnen je nach Kreditkartenunternehmen 1-2 Abrechnungszyklen dauern, bis sie auf Ihrer Kreditkartenabrechnung erscheinen.&nbsp;We wird Sie per E-Mail benachrichtigen, wenn Ihre R\u00fccksendung bearbeitet wurde.<\/p>\n<p><strong>AUSNAHMEN<\/strong><\/p>\n<p>Bei defekten oder besch\u00e4digten Produkten kontaktieren Sie uns bitte unter den untenstehenden Kontaktdaten, um eine R\u00fcckerstattung oder einen Umtausch zu vereinbaren.<\/p>\n<p><strong>FRAGEN<\/strong><\/p>\n<p>Wenn Sie Fragen zu unseren R\u00fcckgaberichtlinien haben, kontaktieren Sie uns bitte unter:<\/p>\n<p>+44 7487 420465<\/p>\n<p>info@bondcane.co.uk<\/p>\n<p><a href=\"https:\/\/termly.io\/products\/refund-return-policy-generator\/\" target=\"_blank\" rel=\"noopener\"><br>\n<\/a><\/p>\t\t\t\t\t\t\t\t<\/div>\n\t\t\t\t<\/div>\n\t\t\t\t\t<\/div>\n\t\t<\/div>\n\t\t\t\t\t<\/div>\n\t\t<\/section>\n\t\t\t\t<\/div>\n\t\t","protected":false},"excerpt":{"rendered":"<p>Versand Alle Produkte werden weltweit versendet. The fulfillment location (UK or Turkey warehouse) is set based on the shipping destination, routing preferences, and the stock availability of our manufacturer. Sobald Sie Ihre Bestellung aufgegeben haben, werden Sie per E-Mail benachrichtigt und k\u00f6nnen den Vorgang auf der verfolgenSendungsverfolgung Buchseite. Lieferung Es dauert 2-7 Tage, um eine&#8230;<\/p>\n<p><a rel=\"bookmark\" class=\"theme-button-text wolf-core-button wolf-core-button-size-sm\" href=\"https:\/\/bondcane.co.uk\/de\/versand-ruecksendungen\/\"><span>Continue reading<\/span><svg version=\"1.1\" xmlns=\"http:\/\/www.w3.org\/2000\/svg\" xmlns:xlink=\"http:\/\/www.w3.org\/1999\/xlink\" x=\"0px\" y=\"0px\" viewBox=\"0 0 56 60\" style=\"enable-background:new 0 0 56 60;\" xml:space=\"preserve\">\n\t\t\t<path d=\"M0.7,45.5c5.2,8.4,14.5,13.9,25,13.9c16.3,0,29.5-13.2,29.5-29.5S42.1,0.5,25.8,0.5C15.3,0.5,6.1,6,0.9,14.3\"><\/path>\n\t\t\t<path class=\"round\" d=\"M0.7,45.5c5.2,8.4,14.5,13.9,25,13.9c16.3,0,29.5-13.2,29.5-29.5S42.1,0.5,25.8,0.5C15.3,0.5,6.1,6,0.9,14.3\"><\/path>\n\t\t\t<polyline points=\"24.5,24.6 30,30 24.5,35.4 \"><\/polyline>\n\t\t\t<\/svg><\/a><\/p>\n","protected":false},"author":1,"featured_media":0,"parent":0,"menu_order":0,"comment_status":"closed","ping_status":"closed","template":"","meta":{"footnotes":""},"class_list":{"0":"post-15431","1":"page","2":"type-page","3":"status-publish","4":"hentry","5":"entry","6":"clearfix","7":"entry-grid","8":"entry-columns-default","9":"entry-page-module-layout-standard","10":"no-post-thumbnail","11":"entry-page","13":"entry-page-grid"},"_links":{"self":[{"href":"https:\/\/bondcane.co.uk\/de\/wp-json\/wp\/v2\/pages\/15431","targetHints":{"allow":["GET"]}}],"collection":[{"href":"https:\/\/bondcane.co.uk\/de\/wp-json\/wp\/v2\/pages"}],"about":[{"href":"https:\/\/bondcane.co.uk\/de\/wp-json\/wp\/v2\/types\/page"}],"author":[{"embeddable":true,"href":"https:\/\/bondcane.co.uk\/de\/wp-json\/wp\/v2\/users\/1"}],"replies":[{"embeddable":true,"href":"https:\/\/bondcane.co.uk\/de\/wp-json\/wp\/v2\/comments?post=15431"}],"version-history":[{"count":0,"href":"https:\/\/bondcane.co.uk\/de\/wp-json\/wp\/v2\/pages\/15431\/revisions"}],"wp:attachment":[{"href":"https:\/\/bondcane.co.uk\/de\/wp-json\/wp\/v2\/media?parent=15431"}],"curies":[{"name":"wp","href":"https:\/\/api.w.org\/{rel}","templated":true}]}}