{"id":15356,"date":"2022-03-14T10:53:02","date_gmt":"2022-03-14T10:53:02","guid":{"rendered":"https:\/\/bondcane.co.uk\/politica-de-reembolso-y-devoluciones\/"},"modified":"2023-04-30T18:50:14","modified_gmt":"2023-04-30T18:50:14","slug":"politica-de-reembolso-y-devoluciones","status":"publish","type":"page","link":"https:\/\/bondcane.co.uk\/es\/politica-de-reembolso-y-devoluciones\/","title":{"rendered":"Pol\u00edtica de reembolso y devoluciones"},"content":{"rendered":"\t\t<div data-elementor-type=\"wp-page\" data-elementor-id=\"15356\" class=\"elementor elementor-15356 elementor-10955\">\n\t\t\t\t\t\t<section class=\"wolf-core-elementor-row wolf-core-font-  elementor-section elementor-top-section elementor-element elementor-element-2197d29d elementor-section-boxed elementor-section-height-default elementor-section-height-default\" data-font-skin=\"\" data-color-tone=\"\" data-id=\"2197d29d\" data-element_type=\"section\" data-e-type=\"section\">\n\t\t\t\t\t\t<div class=\"elementor-container elementor-column-gap-default\">\n\t\t\t\t\t<div class=\"elementor-column elementor-col-100 elementor-top-column elementor-element elementor-element-699ba41d\" data-id=\"699ba41d\" data-element_type=\"column\" data-e-type=\"column\">\n\t\t\t<div class=\"elementor-widget-wrap elementor-element-populated\">\n\t\t\t\t\t\t<div class=\" elementor-element elementor-element-23a231b4 elementor-widget elementor-widget-text-editor\" data-id=\"23a231b4\" data-element_type=\"widget\" data-e-type=\"widget\" data-widget_type=\"text-editor.default\">\n\t\t\t\t<div class=\"elementor-widget-container\">\n\t\t\t\t\t\t\t\t\t<p>Una vez que se reciba e inspeccione su devoluci\u00f3n, le enviaremos un correo electr\u00f3nico para notificarle que hemos recibido su art\u00edculo devuelto. Tambi\u00e9n le notificaremos la aprobaci\u00f3n o rechazo de su reembolso. Si se aprueba, se procesar\u00e1 su reembolso y se aplicar\u00e1 autom\u00e1ticamente un cr\u00e9dito a su tarjeta de cr\u00e9dito o m\u00e9todo de pago original, dentro de una cierta cantidad de d\u00edas. Reembolsos atrasados \u200b\u200bo faltantes Si a\u00fan no ha recibido un reembolso, primero verifique su cuenta bancaria nuevamente. Luego, comun\u00edquese con la compa\u00f1\u00eda de su tarjeta de cr\u00e9dito, puede tomar alg\u00fan tiempo antes de que se publique oficialmente su reembolso. A continuaci\u00f3n, p\u00f3ngase en contacto con su banco. A menudo hay alg\u00fan tiempo de procesamiento antes de que se publique un reembolso. Si ha hecho todo esto y a\u00fan no ha recibido su reembolso, cont\u00e1ctenos en <a href=\"mailto:info@bondcane.com\">info@bondcane.com<\/a><\/p>\n\t\t\t\t\t\t\t\t<\/div>\n\t\t\t\t<\/div>\n\t\t\t\t\t<\/div>\n\t\t<\/div>\n\t\t\t\t\t<\/div>\n\t\t<\/section>\n\t\t\t\t<\/div>\n\t\t","protected":false},"excerpt":{"rendered":"<p>Una vez que se reciba e inspeccione su devoluci\u00f3n, le enviaremos un correo electr\u00f3nico para notificarle que hemos recibido su art\u00edculo devuelto. Tambi\u00e9n le notificaremos la aprobaci\u00f3n o rechazo de su reembolso. Si se aprueba, se procesar\u00e1 su reembolso y se aplicar\u00e1 autom\u00e1ticamente un cr\u00e9dito a su tarjeta de cr\u00e9dito o m\u00e9todo de pago original,&#8230;<\/p>\n<p><a rel=\"bookmark\" class=\"theme-button-text wolf-core-button wolf-core-button-size-sm\" href=\"https:\/\/bondcane.co.uk\/es\/politica-de-reembolso-y-devoluciones\/\"><span>Seguir leyendo<\/span><svg version=\"1.1\" xmlns=\"http:\/\/www.w3.org\/2000\/svg\" xmlns:xlink=\"http:\/\/www.w3.org\/1999\/xlink\" x=\"0px\" y=\"0px\" viewBox=\"0 0 56 60\" style=\"enable-background:new 0 0 56 60;\" xml:space=\"preserve\">\n\t\t\t<path d=\"M0.7,45.5c5.2,8.4,14.5,13.9,25,13.9c16.3,0,29.5-13.2,29.5-29.5S42.1,0.5,25.8,0.5C15.3,0.5,6.1,6,0.9,14.3\"><\/path>\n\t\t\t<path class=\"round\" d=\"M0.7,45.5c5.2,8.4,14.5,13.9,25,13.9c16.3,0,29.5-13.2,29.5-29.5S42.1,0.5,25.8,0.5C15.3,0.5,6.1,6,0.9,14.3\"><\/path>\n\t\t\t<polyline points=\"24.5,24.6 30,30 24.5,35.4 \"><\/polyline>\n\t\t\t<\/svg><\/a><\/p>\n","protected":false},"author":1,"featured_media":0,"parent":0,"menu_order":0,"comment_status":"closed","ping_status":"closed","template":"","meta":{"footnotes":""},"class_list":{"0":"post-15356","1":"page","2":"type-page","3":"status-publish","4":"hentry","5":"entry","6":"clearfix","7":"entry-grid","8":"entry-columns-default","9":"entry-page-module-layout-standard","10":"no-post-thumbnail","11":"entry-page","13":"entry-page-grid"},"_links":{"self":[{"href":"https:\/\/bondcane.co.uk\/es\/wp-json\/wp\/v2\/pages\/15356","targetHints":{"allow":["GET"]}}],"collection":[{"href":"https:\/\/bondcane.co.uk\/es\/wp-json\/wp\/v2\/pages"}],"about":[{"href":"https:\/\/bondcane.co.uk\/es\/wp-json\/wp\/v2\/types\/page"}],"author":[{"embeddable":true,"href":"https:\/\/bondcane.co.uk\/es\/wp-json\/wp\/v2\/users\/1"}],"replies":[{"embeddable":true,"href":"https:\/\/bondcane.co.uk\/es\/wp-json\/wp\/v2\/comments?post=15356"}],"version-history":[{"count":0,"href":"https:\/\/bondcane.co.uk\/es\/wp-json\/wp\/v2\/pages\/15356\/revisions"}],"wp:attachment":[{"href":"https:\/\/bondcane.co.uk\/es\/wp-json\/wp\/v2\/media?parent=15356"}],"curies":[{"name":"wp","href":"https:\/\/api.w.org\/{rel}","templated":true}]}}