{"id":15429,"date":"2022-03-30T11:22:56","date_gmt":"2022-03-30T11:22:56","guid":{"rendered":"https:\/\/bondcane.co.uk\/envio-y-devoluciones\/"},"modified":"2023-04-30T20:06:02","modified_gmt":"2023-04-30T20:06:02","slug":"envio-y-devoluciones","status":"publish","type":"page","link":"https:\/\/bondcane.co.uk\/es\/envio-y-devoluciones\/","title":{"rendered":"Env\u00edo y devoluciones"},"content":{"rendered":"\t\t<div data-elementor-type=\"wp-page\" data-elementor-id=\"15429\" class=\"elementor elementor-15429 elementor-9492\">\n\t\t\t\t\t\t<section class=\"wolf-core-elementor-row wolf-core-font-  elementor-section elementor-top-section elementor-element elementor-element-d94b8fd elementor-section-boxed elementor-section-height-default elementor-section-height-default\" data-font-skin=\"\" data-color-tone=\"\" data-id=\"d94b8fd\" data-element_type=\"section\" data-e-type=\"section\">\n\t\t\t\t\t\t<div class=\"elementor-container elementor-column-gap-default\">\n\t\t\t\t\t<div class=\"elementor-column elementor-col-100 elementor-top-column elementor-element elementor-element-eec3201\" data-id=\"eec3201\" data-element_type=\"column\" data-e-type=\"column\">\n\t\t\t<div class=\"elementor-widget-wrap elementor-element-populated\">\n\t\t\t\t\t\t<div class=\" elementor-element elementor-element-8601b36 elementor-widget elementor-widget-text-editor\" data-id=\"8601b36\" data-element_type=\"widget\" data-e-type=\"widget\" data-widget_type=\"text-editor.default\">\n\t\t\t\t<div class=\"elementor-widget-container\">\n\t\t\t\t\t\t\t\t\t<h2>Env\u00edo<\/h2>\n<p>Todos los productos se env\u00edan a todo el mundo. La ubicaci\u00f3n de cumplimiento (almac\u00e9n del Reino Unido o Turqu\u00eda) se establece en funci\u00f3n del destino del env\u00edo, las preferencias de ruta y la disponibilidad de stock de nuestro fabricante. Una vez que realice su pedido, se le actualizar\u00e1 por correo electr\u00f3nico y podr\u00e1 seguir su proceso en el <a href=\"https:\/\/bondcane.co.uk\/es\/rastreo-de-orden\/\">Rastreo de orden<\/a> p\u00e1gina.<\/p>\n<h2>Entrega<\/h2>\n<p>Se tarda de 2 a 7 d\u00edas en completar un pedido, despu\u00e9s de lo cual se env\u00eda. El tiempo de env\u00edo depende de su ubicaci\u00f3n, pero se puede estimar de la siguiente manera:<\/p>\n<ul>\n<li>EE. UU.: 5-8 d\u00edas h\u00e1biles<\/li>\n<li>UE: 3-8 d\u00edas laborales<\/li>\n<li>Internacional: 7-20 d\u00edas h\u00e1biles<\/li>\n<\/ul>\n<div><\/div>\n<p><strong>POL\u00cdTICA DE DEVOLUCIONES<\/strong> \u00daltima actualizaci\u00f3n 14 de abril de 2023<\/p>\n<p>Gracias por su compra. Esperamos que est\u00e9 satisfecho con su compra. Sin embargo, si no est\u00e1 completamente satisfecho con su compra por cualquier motivo, puede devolv\u00e9rnosla para obtener un reembolso completo \u00fanicamente. Consulte a continuaci\u00f3n para obtener m\u00e1s informaci\u00f3n sobre nuestra pol\u00edtica de devoluci\u00f3n.<\/p>\n<p><strong>DEVOLUCIONES<\/strong><\/p>\n<p>Todas las devoluciones deben tener matasellos dentro de los cuarenta y cinco (45) d\u00edas de la fecha de compra. Todos los art\u00edculos devueltos deben estar en condiciones nuevas y sin usar, con todas las etiquetas y etiquetas originales adjuntas.<\/p>\n<p><strong>PROCESO DE DEVOLUCI\u00d3N<\/strong><\/p>\n<p>Para devolver un art\u00edculo, env\u00ede un correo electr\u00f3nico al servicio de atenci\u00f3n al cliente a info@bondcane.co.uk para obtener un n\u00famero de autorizaci\u00f3n de devoluci\u00f3n de mercanc\u00eda (RMA). Despu\u00e9s de recibir un n\u00famero de RMA,&nbsp;coloque el art\u00edculo de forma segura en su embalaje original y env\u00ede su devoluci\u00f3n por correo a la siguiente direcci\u00f3n:<\/p>\n<p>Bondcane Londres<\/p>\n<p>Bondcane London Ltd. 71-75 Shelton Street Covent Garden Londres Reino Unido WC2H 9JQ<\/p>\n<p>Londres, Londres WC2H 9JQ<\/p>\n<p>Reino Unido<\/p>\n<p>Tenga en cuenta que usted ser\u00e1 responsable de todos los gastos de env\u00edo de devoluci\u00f3n. Le recomendamos encarecidamente que utilice un m\u00e9todo rastreable para enviar su devoluci\u00f3n por correo.&nbsp;<\/p>\n<p><strong>REEMBOLSOS<\/strong><\/p>\n<p>Despu\u00e9s de recibir su devoluci\u00f3n e inspeccionar el estado de su art\u00edculo, procesaremos su devoluci\u00f3n. Espere al menos diez (10) d\u00edas desde la recepci\u00f3n de su art\u00edculo para procesar su devoluci\u00f3n.&nbsp;reembolsos pueden tardar de 1 a 2 ciclos de facturaci\u00f3n en aparecer en el estado de cuenta de su tarjeta de cr\u00e9dito, seg\u00fan la compa\u00f1\u00eda de su tarjeta de cr\u00e9dito.&nbsp; Te notificaremos por correo electr\u00f3nico cuando se haya procesado tu devoluci\u00f3n.<\/p>\n<p><strong>EXCEPCIONES<\/strong><\/p>\n<p>Para productos defectuosos o da\u00f1ados, comun\u00edquese con nosotros a los detalles de contacto a continuaci\u00f3n para organizar un reembolso o cambio.<\/p>\n<p><strong>PREGUNTAS<\/strong><\/p>\n<p>Si tiene alguna pregunta sobre nuestra pol\u00edtica de devoluci\u00f3n, cont\u00e1ctenos en:<\/p>\n<p>+44 7487 420465<\/p>\n<p>info@bondcane.co.uk<\/p>\n<p><a href=\"https:\/\/termly.io\/products\/refund-return-policy-generator\/\" target=\"_blank\" rel=\"noopener\"><br>\n<\/a><\/p>\t\t\t\t\t\t\t\t<\/div>\n\t\t\t\t<\/div>\n\t\t\t\t\t<\/div>\n\t\t<\/div>\n\t\t\t\t\t<\/div>\n\t\t<\/section>\n\t\t\t\t<\/div>\n\t\t","protected":false},"excerpt":{"rendered":"<p>Env\u00edo Todos los productos se env\u00edan a todo el mundo. La ubicaci\u00f3n de cumplimiento (almac\u00e9n del Reino Unido o Turqu\u00eda) se establece en funci\u00f3n del destino del env\u00edo, las preferencias de ruta y la disponibilidad de stock de nuestro fabricante. Una vez que realice su pedido, se le actualizar\u00e1 por correo electr\u00f3nico y podr\u00e1 seguir&#8230;<\/p>\n<p><a rel=\"bookmark\" class=\"theme-button-text wolf-core-button wolf-core-button-size-sm\" href=\"https:\/\/bondcane.co.uk\/es\/envio-y-devoluciones\/\"><span>Seguir leyendo<\/span><svg version=\"1.1\" xmlns=\"http:\/\/www.w3.org\/2000\/svg\" xmlns:xlink=\"http:\/\/www.w3.org\/1999\/xlink\" x=\"0px\" y=\"0px\" viewBox=\"0 0 56 60\" style=\"enable-background:new 0 0 56 60;\" xml:space=\"preserve\">\n\t\t\t<path d=\"M0.7,45.5c5.2,8.4,14.5,13.9,25,13.9c16.3,0,29.5-13.2,29.5-29.5S42.1,0.5,25.8,0.5C15.3,0.5,6.1,6,0.9,14.3\"><\/path>\n\t\t\t<path class=\"round\" d=\"M0.7,45.5c5.2,8.4,14.5,13.9,25,13.9c16.3,0,29.5-13.2,29.5-29.5S42.1,0.5,25.8,0.5C15.3,0.5,6.1,6,0.9,14.3\"><\/path>\n\t\t\t<polyline points=\"24.5,24.6 30,30 24.5,35.4 \"><\/polyline>\n\t\t\t<\/svg><\/a><\/p>\n","protected":false},"author":1,"featured_media":0,"parent":0,"menu_order":0,"comment_status":"closed","ping_status":"closed","template":"","meta":{"footnotes":""},"class_list":{"0":"post-15429","1":"page","2":"type-page","3":"status-publish","4":"hentry","5":"entry","6":"clearfix","7":"entry-grid","8":"entry-columns-default","9":"entry-page-module-layout-standard","10":"no-post-thumbnail","11":"entry-page","13":"entry-page-grid"},"_links":{"self":[{"href":"https:\/\/bondcane.co.uk\/es\/wp-json\/wp\/v2\/pages\/15429","targetHints":{"allow":["GET"]}}],"collection":[{"href":"https:\/\/bondcane.co.uk\/es\/wp-json\/wp\/v2\/pages"}],"about":[{"href":"https:\/\/bondcane.co.uk\/es\/wp-json\/wp\/v2\/types\/page"}],"author":[{"embeddable":true,"href":"https:\/\/bondcane.co.uk\/es\/wp-json\/wp\/v2\/users\/1"}],"replies":[{"embeddable":true,"href":"https:\/\/bondcane.co.uk\/es\/wp-json\/wp\/v2\/comments?post=15429"}],"version-history":[{"count":0,"href":"https:\/\/bondcane.co.uk\/es\/wp-json\/wp\/v2\/pages\/15429\/revisions"}],"wp:attachment":[{"href":"https:\/\/bondcane.co.uk\/es\/wp-json\/wp\/v2\/media?parent=15429"}],"curies":[{"name":"wp","href":"https:\/\/api.w.org\/{rel}","templated":true}]}}